{"id":582,"date":"2019-01-10T14:49:26","date_gmt":"2019-01-10T13:49:26","guid":{"rendered":"https:\/\/xinshuacademy.com\/?post_type=product&#038;p=582"},"modified":"2026-01-07T00:07:29","modified_gmt":"2026-01-06T23:07:29","slug":"sun-simiao-2","status":"publish","type":"product","link":"https:\/\/xinshuacademy.com\/en\/shop\/online-courses\/sun-simiao-2","title":{"rendered":"Sun Simiao 2"},"content":{"rendered":"<div class=\"s3mm-mejs-player s3mm-mejs-player-responsive s3mm-mejs-player-video\"><video  controls  preload=\"auto\" class=\"s3mm_mejs__player s3mm_mejs__responsive\"    data-s3mm_mejsoptions=\"{&quot;pluginPath&quot;:&quot;\\\/var\\\/www\\\/vhosts\\\/xinshuacademy.com\\\/httpdocs\\\/wp-content\\\/plugins\\\/s3-media-maestro\\\/assets\\\/swf&quot;,&quot;classPrefix&quot;:&quot;s3mm_mejs__&quot;,&quot;useFakeFullscreen&quot;:true,&quot;startVolume&quot;:&quot;0.55&quot;,&quot;renderers&quot;:[&quot;html5&quot;,&quot;vimeo_iframe&quot;,&quot;youtube_iframe&quot;,&quot;flash_video&quot;,&quot;flash_audio&quot;,&quot;native_hls&quot;],&quot;stretching&quot;:&quot;responsive&quot;,&quot;poster&quot;:&quot;https:\\\/\\\/xinshuacademy.com\\\/wp-content\\\/uploads\\\/2019\\\/05\\\/Xin-Shu-Academy-bg.png&quot;,&quot;features&quot;:[&quot;playpause&quot;,&quot;current&quot;,&quot;progress&quot;,&quot;duration&quot;,&quot;volume&quot;,&quot;loop&quot;,&quot;tracks&quot;,&quot;speed&quot;,&quot;chromecast&quot;,&quot;fullscreen&quot;,&quot;quality&quot;]}\"><source type=\"video\/mp4\" src=\"https:\/\/d2dyjz37lkp9ct.cloudfront.net\/jeffrey-yuen\/Sun-Si-Miao-2\/Sun-Si-Miao-2-EN-trailer.mp4?Policy=eyJTdGF0ZW1lbnQiOlt7IlJlc291cmNlIjoiaHR0cHM6Ly9kMmR5anozN2xrcDljdC5jbG91ZGZyb250Lm5ldC9qZWZmcmV5LXl1ZW4vU3VuLVNpLU1pYW8tMi9TdW4tU2ktTWlhby0yLUVOLXRyYWlsZXIubXA0IiwiQ29uZGl0aW9uIjp7IkRhdGVMZXNzVGhhbiI6eyJBV1M6RXBvY2hUaW1lIjoxNzc1NTY3NDY2fX19XX0_&Signature=GVC8rf0pu~5MweJaHCNBi-ylCEt-xHL0pbhBgP9p~3x9R4VUA-ovjyFvKTeUGjqBpoumiJIz9CDRP1G5WrISSTEg9nP-U56LlrQBkoAmX01~PTtE0x7kuYP3bVdVz9nYLuEJMgkI7r23k8Z5espANhd~bslyzD7P74Mj1XaCffpmibj1hLOnxTOHGWwb7KqI2EY0B0TAleS0br9o7N7MEnlmpcKMkZCkI5kkCaVfFE8AkXEZ7ZswNNOfPFfJw7O3womcGWblocPQMr-Nt8~ZAvVhZuxt-WY-scurXXmxL4ON6xOMTN-3ugzM1dVWXdoTsveTcg2w3LUYy33a5grQUQ__&Key-Pair-Id=APKAJFMCWVO7UNMD2KEQ\" title=\"jeffrey-yuen\/Sun-Si-Miao-2\/Sun-Si-Miao-2-EN-trailer.mp4\" data-cast-title=\"jeffrey-yuen\/Sun-Si-Miao-2\/Sun-Si-Miao-2-EN-trailer.mp4\"\/><\/video><\/div>\n<h4>Sun Simiao 2 &#8211; Jeffrey Yuen<\/h4>\n<p>The <strong>Sun Simiao &#8211; Second chapter<\/strong> online course is delivered by <a href=\"https:\/\/xinshuacademy.com\/en\/about-us\/team\/jeffrey-c-yuen\">Master Jeffrey Yuen<\/a>.<\/p>\n<p>Sun Simiao (581-682 CE. Sui and Tang dynasty) belonged to the Yu Qing Huang Lao Pai (Jade Purity Yellow Emperor Lao Tzi School), as Master Jeffrey C. Yuen (88th generation).<br \/>\nHe was a famous Chinese medicine doctor in the Taoist tradition. He is a major reference for his significant contribution to medicine and tremendous care given his patients.<\/p>\n<p>Sun Simiao wrote two books that were both milestones in the history of Classical Chinese Medicine: <\/p>\n<ul class=\"disc\">\n<li><strong>Essential Formulas for Emergencies a Thousand Ducats of Gold Worth<\/strong> \u2013 &#8220;<em>B\u00e8i J\u00ed Qi\u0101n J\u012bn Y\u00e0o F\u0101ng<\/em>&#8221; (\u5907\u6025\u5343\u91d1\u8981\u65b9), listing 5.300 recipes for medicines;<\/li>\n<li><strong>Supplement to the Essential Formulas Use Worth a Thousand Ducats of Gold<\/strong> \u2013 &#8220;<em>Qi\u0101n J\u012bn Y\u00e0o F\u0101ng<\/em>&#8221; (\u5343\u91d1\u8981\u65b9), listing 2.571 recipes for medicines.<\/li>\n<\/ul>\n<p>Sun Simiao gives precise indications to <strong>&#8220;self-cultivation&#8221;<\/strong> in his medical ethics:<\/p>\n<ul class=\"disc\">\n<li>Be present to what you are doing;<\/li>\n<li>Listen to the patient;<\/li>\n<li>Keep contact with the divine through silence and meditation.<\/li>\n<\/ul>\n<p>Furthermore, Sun Simiao believes that the alchemical transformation will improve life, and that changing oneself will modify illness.<\/p>\n","protected":false},"excerpt":{"rendered":"<p>The Jeffrey Yuen&#8217;s online course on Sun Simiao &#8211; Second chapter.<\/p>\n","protected":false},"featured_media":20291,"comment_status":"open","ping_status":"closed","template":"","meta":[],"product_brand":[],"product_cat":[60],"product_tag":[43],"class_list":{"0":"post-582","1":"product","2":"type-product","3":"status-publish","4":"has-post-thumbnail","6":"product_cat-online-courses","7":"product_tag-jeffrey-yuen","9":"first","10":"instock","11":"sale","12":"virtual","13":"sold-individually","14":"taxable","15":"purchasable","16":"product-type-course"},"_links":{"self":[{"href":"https:\/\/xinshuacademy.com\/en\/wp-json\/wp\/v2\/product\/582","targetHints":{"allow":["GET"]}}],"collection":[{"href":"https:\/\/xinshuacademy.com\/en\/wp-json\/wp\/v2\/product"}],"about":[{"href":"https:\/\/xinshuacademy.com\/en\/wp-json\/wp\/v2\/types\/product"}],"replies":[{"embeddable":true,"href":"https:\/\/xinshuacademy.com\/en\/wp-json\/wp\/v2\/comments?post=582"}],"wp:featuredmedia":[{"embeddable":true,"href":"https:\/\/xinshuacademy.com\/en\/wp-json\/wp\/v2\/media\/20291"}],"wp:attachment":[{"href":"https:\/\/xinshuacademy.com\/en\/wp-json\/wp\/v2\/media?parent=582"}],"wp:term":[{"taxonomy":"product_brand","embeddable":true,"href":"https:\/\/xinshuacademy.com\/en\/wp-json\/wp\/v2\/product_brand?post=582"},{"taxonomy":"product_cat","embeddable":true,"href":"https:\/\/xinshuacademy.com\/en\/wp-json\/wp\/v2\/product_cat?post=582"},{"taxonomy":"product_tag","embeddable":true,"href":"https:\/\/xinshuacademy.com\/en\/wp-json\/wp\/v2\/product_tag?post=582"}],"curies":[{"name":"wp","href":"https:\/\/api.w.org\/{rel}","templated":true}]}}